{"id":247,"date":"2019-10-22T13:29:33","date_gmt":"2019-10-22T11:29:33","guid":{"rendered":"http:\/\/dev.mos-technologies.de\/technology\/"},"modified":"2019-10-22T13:29:33","modified_gmt":"2019-10-22T11:29:33","slug":"technology","status":"publish","type":"page","link":"https:\/\/mos-technologies.de\/en\/technology\/","title":{"rendered":"Technology"},"content":{"rendered":"<div  style='padding-bottom:10px; ' class='av-special-heading av-special-heading-h2    avia-builder-el-0  el_before_av_four_fifth  avia-builder-el-first  '><h2 class='av-special-heading-tag '  itemprop=\"headline\"  >MOS-Technologies \u2014 We move the flow!<\/h2><div class='special-heading-border'><div class='special-heading-inner-border' ><\/div><\/div><\/div>\n<div class=\"flex_column av_four_fifth  flex_column_div av-zero-column-padding first  avia-builder-el-1  el_after_av_heading  el_before_av_four_fifth  \" style='border-radius:0px; '><div  class='avia-image-container  av-styling-    avia-builder-el-2  avia-builder-el-no-sibling  avia-align-left '  itemprop=\"image\" itemscope=\"itemscope\" itemtype=\"https:\/\/schema.org\/ImageObject\"  ><div class='avia-image-container-inner'><div class='avia-image-overlay-wrap'><img class='avia_image' src='https:\/\/mos-technologies.de\/wp-content\/uploads\/MOS_Hightech.png' alt='' title='MOS_Hightech' height=\"195\" width=\"420\"  itemprop=\"thumbnailUrl\"  \/><\/div><\/div><\/div><\/div>\n<div class=\"flex_column av_four_fifth  flex_column_div av-zero-column-padding first  avia-builder-el-3  el_after_av_four_fifth  el_before_av_heading  \" style='border-radius:0px; '><section class=\"av_textblock_section \"  itemscope=\"itemscope\" itemtype=\"https:\/\/schema.org\/CreativeWork\" ><div class='avia_textblock  '   itemprop=\"text\" ><p>MOS Technologies ist eine universit\u00e4re Ausgr\u00fcndung und entwickelt und vertreibt kundenspezifische labortechnische Spezialger\u00e4te f\u00fcr die biomedizinische Forschung.<\/p>\n<p>Unsere Technologieentwicklung basiert auf einer engen Zusammenarbeit mit dem Institut f\u00fcr Anatomie und Vaskul\u00e4re Biologie der WWU (Prof. Dr. Hans Schnittler\/Dr. Jochen Seebach), deren langj\u00e4hriges wissenschaftliches Know-how von uns in innovative, kundenspezifische und hoch pr\u00e4zise arbeitende Messsysteme f\u00fcr die biomedizinische Forschung umgesetzt wird.<\/p>\n<p><strong>High Tech \u2013 made in Germany!<\/strong><\/p>\n<\/div><\/section><\/div>\n<div  style='padding-bottom:10px; ' class='av-special-heading av-special-heading-h2    avia-builder-el-5  el_after_av_four_fifth  el_before_av_four_fifth  '><h2 class='av-special-heading-tag '  itemprop=\"headline\"  >Kundenspezifische L\u00f6sungen<\/h2><div class='special-heading-border'><div class='special-heading-inner-border' ><\/div><\/div><\/div>\n<div class=\"flex_column av_four_fifth  flex_column_div av-zero-column-padding first  avia-builder-el-6  el_after_av_heading  el_before_av_four_fifth  \" style='border-radius:0px; '><div  class='avia-image-container  av-styling-    avia-builder-el-7  avia-builder-el-no-sibling  avia-align-left '  itemprop=\"image\" itemscope=\"itemscope\" itemtype=\"https:\/\/schema.org\/ImageObject\"  ><div class='avia-image-container-inner'><div class='avia-image-overlay-wrap'><img class='avia_image' src='https:\/\/mos-technologies.de\/wp-content\/uploads\/MOS_Anwendungen_02-1.png' alt='' title='MOS_Anwendungen_02' height=\"195\" width=\"420\"  itemprop=\"thumbnailUrl\"  \/><\/div><\/div><\/div><\/div>\n<div class=\"flex_column av_four_fifth  flex_column_div av-zero-column-padding first  avia-builder-el-8  el_after_av_four_fifth  avia-builder-el-last  \" style='border-radius:0px; '><section class=\"av_textblock_section \"  itemscope=\"itemscope\" itemtype=\"https:\/\/schema.org\/CreativeWork\" ><div class='avia_textblock  '   itemprop=\"text\" ><p>Wir bieten das bisher weltweit einzigartige Biotech-Flow System f\u00fcr die hochgenaue Multiparameter-Analyse von Zellkulturen unter variablen Str\u00f6mungsbedingungen an.<br \/>\nUnser Team setzt sich aus Feinmechanikern, Elektronikern und Wissenschaftlern zusammen. Die enge Vernetzung von Ger\u00e4teentwicklung und biomedizinischer Forschung ist ein Garant f\u00fcr optimale L\u00f6sungen f\u00fcr die Anforderungen unserer Kunden.<\/p>\n<\/div><\/section><\/div>\n","protected":false},"excerpt":{"rendered":"","protected":false},"author":1,"featured_media":0,"parent":0,"menu_order":0,"comment_status":"closed","ping_status":"closed","template":"","meta":{"footnotes":""},"class_list":["post-247","page","type-page","status-publish","hentry"],"_links":{"self":[{"href":"https:\/\/mos-technologies.de\/en\/wp-json\/wp\/v2\/pages\/247","targetHints":{"allow":["GET"]}}],"collection":[{"href":"https:\/\/mos-technologies.de\/en\/wp-json\/wp\/v2\/pages"}],"about":[{"href":"https:\/\/mos-technologies.de\/en\/wp-json\/wp\/v2\/types\/page"}],"author":[{"embeddable":true,"href":"https:\/\/mos-technologies.de\/en\/wp-json\/wp\/v2\/users\/1"}],"replies":[{"embeddable":true,"href":"https:\/\/mos-technologies.de\/en\/wp-json\/wp\/v2\/comments?post=247"}],"version-history":[{"count":1,"href":"https:\/\/mos-technologies.de\/en\/wp-json\/wp\/v2\/pages\/247\/revisions"}],"predecessor-version":[{"id":248,"href":"https:\/\/mos-technologies.de\/en\/wp-json\/wp\/v2\/pages\/247\/revisions\/248"}],"wp:attachment":[{"href":"https:\/\/mos-technologies.de\/en\/wp-json\/wp\/v2\/media?parent=247"}],"curies":[{"name":"wp","href":"https:\/\/api.w.org\/{rel}","templated":true}]}}