{"id":244,"date":"2019-10-22T13:27:23","date_gmt":"2019-10-22T11:27:23","guid":{"rendered":"http:\/\/dev.mos-technologies.de\/applications\/"},"modified":"2019-10-22T13:27:24","modified_gmt":"2019-10-22T11:27:24","slug":"applications","status":"publish","type":"page","link":"https:\/\/mos-technologies.de\/en\/applications\/","title":{"rendered":"Applications"},"content":{"rendered":"<div  style='padding-bottom:10px; ' class='av-special-heading av-special-heading-h2    avia-builder-el-0  el_before_av_one_full  avia-builder-el-first  '><h2 class='av-special-heading-tag '  itemprop=\"headline\"  >Life Sciences<\/h2><div class='special-heading-border'><div class='special-heading-inner-border' ><\/div><\/div><\/div>\n<div class=\"flex_column av_one_full  flex_column_div av-zero-column-padding first  avia-builder-el-1  el_after_av_heading  el_before_av_one_full  \" style='border-radius:0px; '><div  class='avia-image-container  av-styling-    avia-builder-el-2  avia-builder-el-no-sibling  avia-align-left '  itemprop=\"image\" itemscope=\"itemscope\" itemtype=\"https:\/\/schema.org\/ImageObject\"  ><div class='avia-image-container-inner'><div class='avia-image-overlay-wrap'><img class='avia_image' src='https:\/\/mos-technologies.de\/wp-content\/uploads\/MOS_Anwendungen_03.png' alt='' title='MOS_Anwendungen_03' height=\"195\" width=\"420\"  itemprop=\"thumbnailUrl\"  \/><\/div><\/div><\/div><\/div>\n<div class=\"flex_column av_one_full  flex_column_div av-zero-column-padding first  avia-builder-el-3  el_after_av_one_full  el_before_av_heading  column-top-margin\" style='border-radius:0px; '><section class=\"av_textblock_section \"  itemscope=\"itemscope\" itemtype=\"https:\/\/schema.org\/CreativeWork\" ><div class='avia_textblock  '   itemprop=\"text\" ><ul>\n<li>Research fundamentals for biology and medicine, as well as clinical research<\/li>\n<li>Mechanical stimulation of cultivated cells through shear stress, specifically: cell migration, elongation, and signal transduction<\/li>\n<li>Cell-to-cell interactions on cultivated cell layers (epithelial and endothelial)<\/li>\n<li>Barrier functionality measurements under shear stress (impedance spectroscopy) and physiological, pathological, conditions<\/li>\n<li>Influence of shear stress on viral\/bacterial infections, host reactions (leukocyte adhesion) and emigration of tumor cells through cell layers<\/li>\n<li>Testing equipment used in pharmaceutical research to evaluate potentially useful pharmaceutical products under standardized conditions: screening of cells originating from the same source, the same pathways, and the same thickness under many simultaneous testing conditions (concentration, shear stress profile, control conditions)<\/li>\n<li>Stem cell research<\/li>\n<li>Wound healing assay<\/li>\n<\/ul>\n<\/div><\/section><\/div>\n<div  style='padding-bottom:10px; ' class='av-special-heading av-special-heading-h2    avia-builder-el-5  el_after_av_one_full  el_before_av_one_full  '><h2 class='av-special-heading-tag '  itemprop=\"headline\"  >Biotechnology<\/h2><div class='special-heading-border'><div class='special-heading-inner-border' ><\/div><\/div><\/div>\n<div class=\"flex_column av_one_full  flex_column_div av-zero-column-padding first  avia-builder-el-6  el_after_av_heading  el_before_av_one_full  \" style='border-radius:0px; '><div  class='avia-image-container  av-styling-    avia-builder-el-7  avia-builder-el-no-sibling  avia-align-left '  itemprop=\"image\" itemscope=\"itemscope\" itemtype=\"https:\/\/schema.org\/ImageObject\"  ><div class='avia-image-container-inner'><div class='avia-image-overlay-wrap'><img class='avia_image' src='https:\/\/mos-technologies.de\/wp-content\/uploads\/MOS_Anwendungen_04.png' alt='' title='MOS_Anwendungen_04' height=\"195\" width=\"420\"  itemprop=\"thumbnailUrl\"  \/><\/div><\/div><\/div><\/div>\n<div class=\"flex_column av_one_full  flex_column_div av-zero-column-padding first  avia-builder-el-8  el_after_av_one_full  el_before_av_heading  column-top-margin\" style='border-radius:0px; '><section class=\"av_textblock_section \"  itemscope=\"itemscope\" itemtype=\"https:\/\/schema.org\/CreativeWork\" ><div class='avia_textblock  '   itemprop=\"text\" ><ul>\n<li>Cell-substrate interactions<\/li>\n<li>Cell adhesion measurements and cell release kinetics in relation to biomaterials or immobilized\/absorbing proteins<\/li>\n<li>Protein absorption measurements using the method of TIRF analysis<\/li>\n<\/ul>\n<\/div><\/section><\/div>\n<div  style='padding-bottom:10px; ' class='av-special-heading av-special-heading-h2    avia-builder-el-10  el_after_av_one_full  el_before_av_one_full  '><h2 class='av-special-heading-tag '  itemprop=\"headline\"  >Micro Fluid Dynamics<\/h2><div class='special-heading-border'><div class='special-heading-inner-border' ><\/div><\/div><\/div>\n<div class=\"flex_column av_one_full  flex_column_div av-zero-column-padding first  avia-builder-el-11  el_after_av_heading  el_before_av_one_full  \" style='border-radius:0px; '><div  class='avia-image-container  av-styling-    avia-builder-el-12  avia-builder-el-no-sibling  avia-align-left '  itemprop=\"image\" itemscope=\"itemscope\" itemtype=\"https:\/\/schema.org\/ImageObject\"  ><div class='avia-image-container-inner'><div class='avia-image-overlay-wrap'><img class='avia_image' src='https:\/\/mos-technologies.de\/wp-content\/uploads\/MOS_Anwendungen_05.png' alt='' title='MOS_Anwendungen_05' height=\"235\" width=\"420\"  itemprop=\"thumbnailUrl\"  \/><\/div><\/div><\/div><\/div>\n<div class=\"flex_column av_one_full  flex_column_div av-zero-column-padding first  avia-builder-el-13  el_after_av_one_full  avia-builder-el-last  column-top-margin\" style='border-radius:0px; '><section class=\"av_textblock_section \"  itemscope=\"itemscope\" itemtype=\"https:\/\/schema.org\/CreativeWork\" ><div class='avia_textblock  '   itemprop=\"text\" ><ul>\n<li>Calibrating equipment of wall shear stress sensors<\/li>\n<li>Calibration of MPS3 (Micro Pillar Shear Stress Sensor) in nano- and microfluid dynamics (S. Gro\u00dfe, C. Br\u00fccker, W. Schr\u00f6der, ACCESS e.V. Aachen)<\/li>\n<\/ul>\n<\/div><\/section><\/div>\n","protected":false},"excerpt":{"rendered":"","protected":false},"author":1,"featured_media":0,"parent":0,"menu_order":0,"comment_status":"closed","ping_status":"closed","template":"","meta":{"footnotes":""},"class_list":["post-244","page","type-page","status-publish","hentry"],"_links":{"self":[{"href":"https:\/\/mos-technologies.de\/en\/wp-json\/wp\/v2\/pages\/244","targetHints":{"allow":["GET"]}}],"collection":[{"href":"https:\/\/mos-technologies.de\/en\/wp-json\/wp\/v2\/pages"}],"about":[{"href":"https:\/\/mos-technologies.de\/en\/wp-json\/wp\/v2\/types\/page"}],"author":[{"embeddable":true,"href":"https:\/\/mos-technologies.de\/en\/wp-json\/wp\/v2\/users\/1"}],"replies":[{"embeddable":true,"href":"https:\/\/mos-technologies.de\/en\/wp-json\/wp\/v2\/comments?post=244"}],"version-history":[{"count":1,"href":"https:\/\/mos-technologies.de\/en\/wp-json\/wp\/v2\/pages\/244\/revisions"}],"predecessor-version":[{"id":245,"href":"https:\/\/mos-technologies.de\/en\/wp-json\/wp\/v2\/pages\/244\/revisions\/245"}],"wp:attachment":[{"href":"https:\/\/mos-technologies.de\/en\/wp-json\/wp\/v2\/media?parent=244"}],"curies":[{"name":"wp","href":"https:\/\/api.w.org\/{rel}","templated":true}]}}