{"id":225,"date":"2019-10-22T13:13:13","date_gmt":"2019-10-22T11:13:13","guid":{"rendered":"http:\/\/dev.mos-technologies.de\/agb\/"},"modified":"2019-10-22T13:13:13","modified_gmt":"2019-10-22T11:13:13","slug":"agb","status":"publish","type":"page","link":"https:\/\/mos-technologies.de\/en\/agb\/","title":{"rendered":"AGB"},"content":{"rendered":"<section class=\"av_textblock_section \"  itemscope=\"itemscope\" itemtype=\"https:\/\/schema.org\/CreativeWork\" ><div class='avia_textblock  '   itemprop=\"text\" ><p>Verbraucher (\u00a7 13 BGB) haben ein gesetzliches Widerrufsrecht.<\/p>\n<h3>WIDERRUFSBELEHRUNG<\/h3>\n<p>Sie k\u00f6nnen Ihre Vertragserkl\u00e4rung innerhalb von zwei Wochen ohne Angabe von Gr\u00fcnden in Textform (z.B. Brief, Fax, E-Mail) oder durch R\u00fccksendung der Sache widerrufen. Die Frist beginnt fr\u00fchestens mit Erhalt dieser Belehrung. Zur Wahrung der Widerrufsfrist gen\u00fcgt die rechtzeitige Absendung des Widerrufs oder der Sache. Der Widerruf ist zu richten an:<\/p>\n<p><strong>MOS-Technologies<\/strong><br \/>\nDr. Maria Odenthal-Schnittler<\/p>\n<p>Kiebitzpohl 55<br \/>\n48291 Telgte<br \/>\nDeutschland<\/p>\n<p>Tel: 02504-7099920<\/p>\n<p>email: <a href=\"mailto:maria.odenthal-s@mos-technologies.de\">maria.odenthal-s@mos-technologies.de<\/a><\/p>\n<p><strong>WIDERRUFSFOLGEN<\/strong><\/p>\n<p>Im Falle eines wirksamen Widerrufs sind die beiderseits empfangenen Leistungen zur\u00fcckzugew\u00e4hren und ggf. gezogene Nutzungen (z.B. Zinsen) herauszugeben. K\u00f6nnen Sie uns die empfangene Leistung ganz oder teilweise nicht oder nur in verschlechtertem Zustand zur\u00fcckgew\u00e4hren, m\u00fcssen Sie uns insoweit ggf. Wertersatz leisten. Bei der \u00dcberlassung von Sachen gilt dies nicht, wenn die Verschlechterung der Ware ausschlie\u00dflich auf deren Pr\u00fcfung &#8211; wie sie Ihnen etwa im Ladengesch\u00e4ft m\u00f6glich gewesen w\u00e4re &#8211; zur\u00fcckzuf\u00fchren ist. Im \u00dcbrigen k\u00f6nnen Sie die Wertersatzpflicht vermeiden, indem Sie die Sache nicht wie ihr Eigentum in Gebrauch nehmen und alles unterlassen, was deren Wert beeintr\u00e4chtigt. Paketversandf\u00e4hige Sachen sind zur\u00fcckzusenden. Nicht paketversandf\u00e4hige Sachen werden bei Ihnen abgeholt. Sie haben die Kosten der R\u00fccksendung zu tragen, wenn die gelieferte Ware der bestellten entspricht und wenn der Preis der zur\u00fcckzusendenden Sache einen Betrag von 40 Euro nicht \u00fcbersteigt oder wenn Sie bei einem h\u00f6heren Preis der Sache zum Zeitpunkt des Widerrufs noch nicht die Gegenleistung oder eine vertraglich vereinbarte Teilzahlung erbracht haben. Anderenfalls ist die R\u00fccksendung f\u00fcr Sie kostenfrei. Verpflichtungen zur Erstattung von Zahlungen m\u00fcssen Sie innerhalb von 30 Tagen nach Absendung ihrer Widerrufserkl\u00e4rung erf\u00fcllen.<\/p>\n<p>Ende der Widerrufsbelehrung<\/p>\n<\/div><\/section>\n","protected":false},"excerpt":{"rendered":"","protected":false},"author":1,"featured_media":0,"parent":0,"menu_order":0,"comment_status":"closed","ping_status":"closed","template":"","meta":{"footnotes":""},"class_list":["post-225","page","type-page","status-publish","hentry"],"_links":{"self":[{"href":"https:\/\/mos-technologies.de\/en\/wp-json\/wp\/v2\/pages\/225","targetHints":{"allow":["GET"]}}],"collection":[{"href":"https:\/\/mos-technologies.de\/en\/wp-json\/wp\/v2\/pages"}],"about":[{"href":"https:\/\/mos-technologies.de\/en\/wp-json\/wp\/v2\/types\/page"}],"author":[{"embeddable":true,"href":"https:\/\/mos-technologies.de\/en\/wp-json\/wp\/v2\/users\/1"}],"replies":[{"embeddable":true,"href":"https:\/\/mos-technologies.de\/en\/wp-json\/wp\/v2\/comments?post=225"}],"version-history":[{"count":1,"href":"https:\/\/mos-technologies.de\/en\/wp-json\/wp\/v2\/pages\/225\/revisions"}],"predecessor-version":[{"id":226,"href":"https:\/\/mos-technologies.de\/en\/wp-json\/wp\/v2\/pages\/225\/revisions\/226"}],"wp:attachment":[{"href":"https:\/\/mos-technologies.de\/en\/wp-json\/wp\/v2\/media?parent=225"}],"curies":[{"name":"wp","href":"https:\/\/api.w.org\/{rel}","templated":true}]}}